{"id":152,"date":"2023-09-25T10:50:25","date_gmt":"2023-09-25T10:50:25","guid":{"rendered":"https:\/\/sztefan.pl\/?page_id=152"},"modified":"2023-10-04T10:31:34","modified_gmt":"2023-10-04T10:31:34","slug":"a-co-bys-powiedzial-gdybysmy-polecieli","status":"publish","type":"page","link":"https:\/\/sztefan.pl\/","title":{"rendered":"A co by\u015b powiedzia\u0142, gdyby\u015bmy polecieli&#8230;"},"content":{"rendered":"\n<p class=\"has-blush-light-purple-gradient-background has-background\">A co by\u015b powiedzia\u0142, gdyby\u015bmy polecieli&#8230; Od tych w\u0142a\u015bnie s\u0142\u00f3w u nas w domu zaczynaj\u0105 si\u0119 z regu\u0142y nasze przygody. I regu\u0142\u0105 jest, \u017ce odpowied\u017a brzmi: jasne, lecimy!!!<\/p>\n\n\n\n<p>Tak ju\u017c mamy, kochamy t\u0119 adrenalink\u0119, kt\u00f3ra pojawia si\u0119, kiedy \u0142apiemy plecaki i ruszamy w \u015bwiat. Uwielbiamy odkrywa\u0107 co jest za kolejnym zakr\u0119tem, uwielbiamy podgl\u0105da\u0107 jak \u017cyj\u0105 ludzie gdzie\u015b daleko. Kochamy poznawa\u0107 pi\u0119kno przyrody innych kraj\u00f3w. Ale tak bezpo\u015brednio i z bliska &#8211; nie dla nas jakie\u015b zorganizowane wyjazdyi ogl\u0105danie &#8222;na gwizdek&#8221;, na zasadzie: a teraz patrz\u0105 pa\u0144stwo w lewo&#8230;<\/p>\n\n\n\n<p>Podr\u00f3\u017c to najwspanialsza przygoda i chcieliby\u015bmy Was zaprosi\u0107 do udzia\u0142u w niej, tu na tym blogu. Mo\u017ce czytaj\u0105c nasze opowie\u015bci poczujecie si\u0119, jakby\u015bcie podr\u00f3\u017cowali razem z nami. Mo\u017ce nasze do\u015bwiadczenia zainspiruj\u0105 Was i p\u00f3jdziecie w nasze \u015blady, a ten blog pomo\u017ce Wam w przygotowaniu Waszej w\u0142asnej przygody.<\/p>\n\n\n\n<p class=\"has-pale-ocean-gradient-background has-background\">To co by\u015bcie powiedzieli, gdyby\u015bmy polecieli do&#8230;    <\/p>\n","protected":false},"excerpt":{"rendered":"<p>A co by\u015b powiedzia\u0142, gdyby\u015bmy polecieli&#8230; Od tych w\u0142a\u015bnie s\u0142\u00f3w u nas w domu zaczynaj\u0105 si\u0119 z regu\u0142y nasze przygody. I regu\u0142\u0105 jest, \u017ce odpowied\u017a brzmi: jasne, lecimy!!! Tak ju\u017c mamy, kochamy t\u0119 adrenalink\u0119, kt\u00f3ra pojawia si\u0119, kiedy \u0142apiemy plecaki i ruszamy w \u015bwiat. Uwielbiamy odkrywa\u0107 co jest za kolejnym zakr\u0119tem, uwielbiamy podgl\u0105da\u0107 jak \u017cyj\u0105 &hellip; <\/p>\n","protected":false},"author":1,"featured_media":10,"parent":0,"menu_order":1,"comment_status":"closed","ping_status":"closed","template":"","meta":{"footnotes":""},"class_list":["post-152","page","type-page","status-publish","has-post-thumbnail","hentry","latest_post"],"_links":{"self":[{"href":"https:\/\/sztefan.pl\/index.php\/wp-json\/wp\/v2\/pages\/152","targetHints":{"allow":["GET"]}}],"collection":[{"href":"https:\/\/sztefan.pl\/index.php\/wp-json\/wp\/v2\/pages"}],"about":[{"href":"https:\/\/sztefan.pl\/index.php\/wp-json\/wp\/v2\/types\/page"}],"author":[{"embeddable":true,"href":"https:\/\/sztefan.pl\/index.php\/wp-json\/wp\/v2\/users\/1"}],"replies":[{"embeddable":true,"href":"https:\/\/sztefan.pl\/index.php\/wp-json\/wp\/v2\/comments?post=152"}],"version-history":[{"count":6,"href":"https:\/\/sztefan.pl\/index.php\/wp-json\/wp\/v2\/pages\/152\/revisions"}],"predecessor-version":[{"id":446,"href":"https:\/\/sztefan.pl\/index.php\/wp-json\/wp\/v2\/pages\/152\/revisions\/446"}],"wp:featuredmedia":[{"embeddable":true,"href":"https:\/\/sztefan.pl\/index.php\/wp-json\/wp\/v2\/media\/10"}],"wp:attachment":[{"href":"https:\/\/sztefan.pl\/index.php\/wp-json\/wp\/v2\/media?parent=152"}],"curies":[{"name":"wp","href":"https:\/\/api.w.org\/{rel}","templated":true}]}}